{"id":36,"date":"2019-12-01T13:23:51","date_gmt":"2019-12-01T12:23:51","guid":{"rendered":"https:\/\/www.vilavalmonte.eu\/?page_id=36"},"modified":"2023-08-06T19:39:09","modified_gmt":"2023-08-06T17:39:09","slug":"home","status":"publish","type":"page","link":"https:\/\/www.vilavalmonte.eu\/en\/","title":{"rendered":"Home"},"content":{"rendered":"","protected":false},"excerpt":{"rendered":"","protected":false},"author":1,"featured_media":0,"parent":0,"menu_order":0,"comment_status":"closed","ping_status":"closed","template":"","meta":{"_seopress_robots_primary_cat":"","_seopress_titles_title":"Turismo Rural | Quartos de luxo no Alentejo - Trendy B&amp;B com Piscina","_seopress_titles_desc":"O nosso moderno alojamento de acomoda\u00e7\u00e3o e pequeno-almo\u00e7o com piscina de \u00e1gua salgada na zona rural do Alentejo, Ferreira do Alentejo. Reserve j\u00e1! ","_seopress_robots_index":"","_joinchat":[],"footnotes":""},"class_list":["post-36","page","type-page","status-publish","hentry"],"_links":{"self":[{"href":"https:\/\/www.vilavalmonte.eu\/en\/wp-json\/wp\/v2\/pages\/36","targetHints":{"allow":["GET"]}}],"collection":[{"href":"https:\/\/www.vilavalmonte.eu\/en\/wp-json\/wp\/v2\/pages"}],"about":[{"href":"https:\/\/www.vilavalmonte.eu\/en\/wp-json\/wp\/v2\/types\/page"}],"author":[{"embeddable":true,"href":"https:\/\/www.vilavalmonte.eu\/en\/wp-json\/wp\/v2\/users\/1"}],"replies":[{"embeddable":true,"href":"https:\/\/www.vilavalmonte.eu\/en\/wp-json\/wp\/v2\/comments?post=36"}],"version-history":[{"count":0,"href":"https:\/\/www.vilavalmonte.eu\/en\/wp-json\/wp\/v2\/pages\/36\/revisions"}],"wp:attachment":[{"href":"https:\/\/www.vilavalmonte.eu\/en\/wp-json\/wp\/v2\/media?parent=36"}],"curies":[{"name":"wp","href":"https:\/\/api.w.org\/{rel}","templated":true}]}}